{"id":29383,"date":"2018-01-11T16:38:09","date_gmt":"2018-01-11T16:38:09","guid":{"rendered":"http:\/\/belgrano.es\/web\/?post_type=product&#038;p=29383"},"modified":"2018-11-17T22:14:10","modified_gmt":"2018-11-17T22:14:10","slug":"impresion-fotografia-retoque-digital-profesional","status":"publish","type":"product","link":"https:\/\/belgrano.es\/web\/impresion-fotografia-retoque-digital-profesional\/","title":{"rendered":"Impresi\u00f3n de fotograf\u00eda retoque digital profesional"},"content":{"rendered":"<p style=\"text-align: justify;\">Puedes a\u00f1adir a tu sesi\u00f3n fotogr\u00e1fica la impresi\u00f3n de fotograf\u00edas, editada profesionalmente en papel m\u00e1xima calidad.<\/p>\n<p style=\"text-align: justify;\">Elige el <strong>tama\u00f1o de la fotograf\u00eda<\/strong> 10&#215;15, 20&#215;30, etc, y si es <strong>mate<\/strong> o <strong>brillo<\/strong>.<\/p>\n<blockquote>\n<p style=\"text-align: justify;\">Si vas a colocarla en un marco de cristal, recomendamos la impresi\u00f3n en mate. Si vas a utilizarlas para colocarlas en un \u00e1lbum, recomendamos utilizar la impresi\u00f3n en brillo.<\/p>\n<\/blockquote>\n","protected":false},"excerpt":{"rendered":"<p>Impresi\u00f3n de una fotograf\u00eda editada profesionalmente en papel m\u00e1xima calidad<\/p>\n","protected":false},"featured_media":29405,"comment_status":"open","ping_status":"closed","template":"","meta":{"ngg_post_thumbnail":0},"product_brand":[],"product_cat":[108],"product_tag":[],"class_list":{"0":"post-29383","1":"product","2":"type-product","3":"status-publish","4":"has-post-thumbnail","6":"product_cat-sin-categoria","8":"first","9":"instock","10":"taxable","11":"shipping-taxable","12":"purchasable","13":"product-type-variable"},"tiered_pricing_type":"fixed","tiered_pricing_fixed_rules":[],"tiered_pricing_product_settings":{"layout":"default","base_unit_name":{"singular":null,"plural":null},"default_variation":null},"tiered_pricing_minimum_quantity":null,"tiered_pricing_roles_data":[],"tiered_pricing_percentage_rules":[],"_links":{"self":[{"href":"https:\/\/belgrano.es\/web\/wp-json\/wp\/v2\/product\/29383","targetHints":{"allow":["GET"]}}],"collection":[{"href":"https:\/\/belgrano.es\/web\/wp-json\/wp\/v2\/product"}],"about":[{"href":"https:\/\/belgrano.es\/web\/wp-json\/wp\/v2\/types\/product"}],"replies":[{"embeddable":true,"href":"https:\/\/belgrano.es\/web\/wp-json\/wp\/v2\/comments?post=29383"}],"wp:featuredmedia":[{"embeddable":true,"href":"https:\/\/belgrano.es\/web\/wp-json\/wp\/v2\/media\/29405"}],"wp:attachment":[{"href":"https:\/\/belgrano.es\/web\/wp-json\/wp\/v2\/media?parent=29383"}],"wp:term":[{"taxonomy":"product_brand","embeddable":true,"href":"https:\/\/belgrano.es\/web\/wp-json\/wp\/v2\/product_brand?post=29383"},{"taxonomy":"product_cat","embeddable":true,"href":"https:\/\/belgrano.es\/web\/wp-json\/wp\/v2\/product_cat?post=29383"},{"taxonomy":"product_tag","embeddable":true,"href":"https:\/\/belgrano.es\/web\/wp-json\/wp\/v2\/product_tag?post=29383"}],"curies":[{"name":"wp","href":"https:\/\/api.w.org\/{rel}","templated":true}]}}