{"id":28557,"date":"2017-09-23T02:40:15","date_gmt":"2017-09-23T02:40:15","guid":{"rendered":"http:\/\/belgrano.es\/web\/?post_type=product&#038;p=28557"},"modified":"2018-11-09T20:04:54","modified_gmt":"2018-11-09T20:04:54","slug":"video-book-presentacion-dvd","status":"publish","type":"product","link":"https:\/\/belgrano.es\/web\/video-book-presentacion-dvd\/","title":{"rendered":"Video Book Presentaci\u00f3n DVD"},"content":{"rendered":"<p>Video-Book presentaci\u00f3n en DVD con las mejores fotograf\u00edas de la sesi\u00f3n.<\/p>\n","protected":false},"excerpt":{"rendered":"<p>Video-Book presentaci\u00f3n en DVD con las mejores fotograf\u00edas de la sesi\u00f3n.<\/p>\n","protected":false},"featured_media":28558,"comment_status":"open","ping_status":"closed","template":"","meta":{"ngg_post_thumbnail":0},"product_brand":[],"product_cat":[108],"product_tag":[61,58],"class_list":{"0":"post-28557","1":"product","2":"type-product","3":"status-publish","4":"has-post-thumbnail","6":"product_cat-sin-categoria","7":"product_tag-dvd","8":"product_tag-regalo","10":"first","11":"instock","12":"virtual","13":"taxable","14":"purchasable","15":"product-type-simple"},"tiered_pricing_type":"fixed","tiered_pricing_fixed_rules":[],"tiered_pricing_product_settings":{"layout":"default","base_unit_name":{"singular":null,"plural":null},"default_variation":null},"tiered_pricing_minimum_quantity":null,"tiered_pricing_roles_data":[],"tiered_pricing_percentage_rules":[],"_links":{"self":[{"href":"https:\/\/belgrano.es\/web\/wp-json\/wp\/v2\/product\/28557","targetHints":{"allow":["GET"]}}],"collection":[{"href":"https:\/\/belgrano.es\/web\/wp-json\/wp\/v2\/product"}],"about":[{"href":"https:\/\/belgrano.es\/web\/wp-json\/wp\/v2\/types\/product"}],"replies":[{"embeddable":true,"href":"https:\/\/belgrano.es\/web\/wp-json\/wp\/v2\/comments?post=28557"}],"wp:featuredmedia":[{"embeddable":true,"href":"https:\/\/belgrano.es\/web\/wp-json\/wp\/v2\/media\/28558"}],"wp:attachment":[{"href":"https:\/\/belgrano.es\/web\/wp-json\/wp\/v2\/media?parent=28557"}],"wp:term":[{"taxonomy":"product_brand","embeddable":true,"href":"https:\/\/belgrano.es\/web\/wp-json\/wp\/v2\/product_brand?post=28557"},{"taxonomy":"product_cat","embeddable":true,"href":"https:\/\/belgrano.es\/web\/wp-json\/wp\/v2\/product_cat?post=28557"},{"taxonomy":"product_tag","embeddable":true,"href":"https:\/\/belgrano.es\/web\/wp-json\/wp\/v2\/product_tag?post=28557"}],"curies":[{"name":"wp","href":"https:\/\/api.w.org\/{rel}","templated":true}]}}