{"id":28554,"date":"2017-09-23T02:05:42","date_gmt":"2017-09-23T02:05:42","guid":{"rendered":"http:\/\/belgrano.es\/web\/?post_type=product&#038;p=28554"},"modified":"2018-01-17T17:35:12","modified_gmt":"2018-01-17T17:35:12","slug":"ampliacion-foto-30x45","status":"publish","type":"product","link":"https:\/\/belgrano.es\/web\/ampliacion-foto-30x45\/","title":{"rendered":"Ampliaci\u00f3n de foto a 30&#215;45"},"content":{"rendered":"<p>Impresi\u00f3n de la fotograf\u00eda mate para colocar en marco transparente (no incluido). Una ampliaci\u00f3n para cuadro de tu mejor fotograf\u00eda. Medidas de 30&#215;45.<\/p>\n","protected":false},"excerpt":{"rendered":"<p>Impresi\u00f3n de la fotograf\u00eda mate para colocar en marco transparente (no incluido). Una ampliaci\u00f3n para cuadro de tu mejor fotograf\u00eda. Medidas de 30&#215;45.<\/p>\n","protected":false},"featured_media":28559,"comment_status":"open","ping_status":"closed","template":"","meta":{"ngg_post_thumbnail":0},"product_brand":[],"product_cat":[108],"product_tag":[59,60,58],"class_list":{"0":"post-28554","1":"product","2":"type-product","3":"status-publish","4":"has-post-thumbnail","6":"product_cat-sin-categoria","7":"product_tag-cuadro","8":"product_tag-metacrilato","9":"product_tag-regalo","11":"first","12":"instock","13":"taxable","14":"shipping-taxable","15":"purchasable","16":"product-type-simple"},"tiered_pricing_type":"fixed","tiered_pricing_fixed_rules":[],"tiered_pricing_product_settings":{"layout":"default","base_unit_name":{"singular":null,"plural":null},"default_variation":null},"tiered_pricing_minimum_quantity":null,"tiered_pricing_roles_data":[],"tiered_pricing_percentage_rules":[],"_links":{"self":[{"href":"https:\/\/belgrano.es\/web\/wp-json\/wp\/v2\/product\/28554","targetHints":{"allow":["GET"]}}],"collection":[{"href":"https:\/\/belgrano.es\/web\/wp-json\/wp\/v2\/product"}],"about":[{"href":"https:\/\/belgrano.es\/web\/wp-json\/wp\/v2\/types\/product"}],"replies":[{"embeddable":true,"href":"https:\/\/belgrano.es\/web\/wp-json\/wp\/v2\/comments?post=28554"}],"wp:featuredmedia":[{"embeddable":true,"href":"https:\/\/belgrano.es\/web\/wp-json\/wp\/v2\/media\/28559"}],"wp:attachment":[{"href":"https:\/\/belgrano.es\/web\/wp-json\/wp\/v2\/media?parent=28554"}],"wp:term":[{"taxonomy":"product_brand","embeddable":true,"href":"https:\/\/belgrano.es\/web\/wp-json\/wp\/v2\/product_brand?post=28554"},{"taxonomy":"product_cat","embeddable":true,"href":"https:\/\/belgrano.es\/web\/wp-json\/wp\/v2\/product_cat?post=28554"},{"taxonomy":"product_tag","embeddable":true,"href":"https:\/\/belgrano.es\/web\/wp-json\/wp\/v2\/product_tag?post=28554"}],"curies":[{"name":"wp","href":"https:\/\/api.w.org\/{rel}","templated":true}]}}