{"id":29886,"date":"2024-09-30T19:56:44","date_gmt":"2024-09-30T19:56:44","guid":{"rendered":"http:\/\/belgrano.es\/web\/?page_id=29886"},"modified":"2024-09-30T19:56:46","modified_gmt":"2024-09-30T19:56:46","slug":"preguntas-frecuentes","status":"publish","type":"page","link":"https:\/\/belgrano.es\/web\/preguntas-frecuentes\/","title":{"rendered":"Preguntas Frecuentes"},"content":{"rendered":"\n\t\t\t\t\t\t<style>\r\n\t\t\t\t\t#wpsm_accordion_29885 .wpsm_panel-heading{\npadding:0px !important;\n}\n#wpsm_accordion_29885 .wpsm_panel-title {\nmargin:0px !important; \ntext-transform:none !important;\nline-height: 1 !important;\n}\n#wpsm_accordion_29885 .wpsm_panel-title a{\ntext-decoration:none;\ncolor:#000000 !important;\nfont-size:18px !important;\ndisplay:block;\npadding:0px;\nfont-family: Open Sans !important;\npadding-top: 10px;\npadding-bottom: 10px;\nborder-bottom:1px solid  #ddd !important;\n\n}\n#wpsm_accordion_29885 .wpsm_panel-title a:hover,#wpsm_accordion_29885 .wpsm_panel-title a:visited, #wpsm_accordion_29885 .wpsm_panel-title a:focus {\n\tcolor:#000000 !important;\n}\n#wpsm_accordion_29885 .acc-a{\n\tcolor: #000000 !important;\n\tbackground-color:#ffffff !important;\n\tborder-color: #ddd;\n}\n#wpsm_accordion_29885 .wpsm_panel-default > .wpsm_panel-heading{\n\tcolor: #000000 !important;\n\tbackground-color: #ffffff !important;\n\tborder-color: #ffffff !important;\n\tborder-top-left-radius: 0px;\n\tborder-top-right-radius: 0px;\n}\n#wpsm_accordion_29885 .wpsm_panel-default {\n\t\n\tborder:1px solid transparent !important;\n\n\t}\n#wpsm_accordion_29885 {\n\tmargin-bottom: 20px;\n\toverflow: hidden;\n\tfloat: left;\n\twidth: 100%;\n\tdisplay: block;\n}\n#wpsm_accordion_29885 .ac_title_class{\n\tdisplay: inline-block;\n    padding-top: 5px;\n    padding-bottom: 5px;\n    padding-left: 13px;\n    padding-right: 10px;\n    border: 0px solid #ddd;\n\tfont-size:18px !important;\nfont-family: Open Sans #!important;\n\t\n\n}\n#wpsm_accordion_29885  .wpsm_panel {\n\toverflow:hidden;\n\t-webkit-box-shadow: 0 0px 0px rgba(0, 0, 0, .05);\n\tbox-shadow: 0 0px 0px rgba(0, 0, 0, .05);\n\t\n\t\tborder-radius: 4px;\n\t}\n#wpsm_accordion_29885  .wpsm_panel + .wpsm_panel {\n\t\tmargin-top: 5px;\n\t}\n#wpsm_accordion_29885  .wpsm_panel-body{\nbackground-color:#ffffff !important;\ncolor:#000000 !important;\nborder-top-color: #ffffff !important;\nfont-size:16px !important;\nfont-family: Open Sans !important;\noverflow: hidden;\n\nborder: 0px solid #ddd !important;\n\nborder-top:0px !important;\npadding-left: 60px;\n}\n\n#wpsm_accordion_29885 .ac_open_cl_icon{\n\tbackground-color:#ef0eaf;\n\tcolor: #ffffff;\n\t\n     padding-top: 5px; \n     padding-bottom: 5px; \n\t margin-left:10px;\n    line-height: 1.0;\n    font-size:18px !important;\ntext-align: center !important;\n     width: 32px !important;\n    display: inline-block;\n\t\n\t\n}\n#wpsm_accordion_29885 .ac_open_cl_number{\n width: 25px !important;\n    display: inline-block;\n\t margin-left:10px;\n\t text-align: center !important;\n\t font-size:18px !important;\n\n}\n\n\t\t\t\n\t\t\t\t\n\t\t\t\t\t\r\n\t\t\t<\/style>\r\n\t\t\t<div class=\"wpsm_panel-group\" id=\"wpsm_accordion_29885\" >\r\n\t\t\t\t\r\n\t\t\t\t\t\t\r\n\t\t\t\t  <!-- Inner panel Start -->\r\n\t\t\t\t  <div class=\"wpsm_panel wpsm_panel-default\">\r\n\t\t\t\t\t<div class=\"wpsm_panel-heading\" role=\"tab\" >\r\n\t\t\t\t\t  <h4 class=\"wpsm_panel-title\">\r\n\t\t\t\t\t\t<a  class=\"\"  data-toggle=\"collapse\" data-parent=\"#wpsm_accordion_29885 \" href=\"#ac_29885_collapse1\"  >\r\n\t\t\t\t\t\t\t\t\t\t\t\t\t\t\t<span  class=\"ac_open_cl_icon fa fa-minus\"><\/span>\r\n\t\t\t\t\t\t\t\t\t\t\t\t\t\t\t\t\t\t\t\t\t<span class=\"ac_title_class\">\r\n\t\t\t\t\t\t\t\t\u00bfEntreg\u00e1is los archivos?\t\t\t\t\t\t\t<\/span>\r\n\t\t\t\t\t\t<\/a>\r\n\t\t\t\t\t  <\/h4>\r\n\t\t\t\t\t<\/div>\r\n\t\t\t\t\t<div id=\"ac_29885_collapse1\" class=\"wpsm_panel-collapse collapse_29885 collapse in\"  >\r\n\t\t\t\t\t  <div class=\"wpsm_panel-body\">\r\n\t\t\t\t\t\tS\u00ed, entregamos los archivos revelados y a m\u00e1xima resoluci\u00f3n, en formato JPG.\t\t\t\t\t  <\/div>\r\n\t\t\t\t\t<\/div>\r\n\t\t\t\t  <\/div>\r\n\t\t\t\t   <!-- Inner panel End -->\r\n\t\t\t\t\r\n\t\t\t\t\t\t\r\n\t\t\t\t  <!-- Inner panel Start -->\r\n\t\t\t\t  <div class=\"wpsm_panel wpsm_panel-default\">\r\n\t\t\t\t\t<div class=\"wpsm_panel-heading\" role=\"tab\" >\r\n\t\t\t\t\t  <h4 class=\"wpsm_panel-title\">\r\n\t\t\t\t\t\t<a  class=\"collapsed\"  data-toggle=\"collapse\" data-parent=\"#wpsm_accordion_29885 \" href=\"#ac_29885_collapse2\"  >\r\n\t\t\t\t\t\t\t\t\t\t\t\t\t\t\t<span  class=\"ac_open_cl_icon fa fa-minus\"><\/span>\r\n\t\t\t\t\t\t\t\t\t\t\t\t\t\t\t\t\t\t\t\t\t<span class=\"ac_title_class\">\r\n\t\t\t\t\t\t\t\t\u00bfPodemos elegir las fotos?\t\t\t\t\t\t\t<\/span>\r\n\t\t\t\t\t\t<\/a>\r\n\t\t\t\t\t  <\/h4>\r\n\t\t\t\t\t<\/div>\r\n\t\t\t\t\t<div id=\"ac_29885_collapse2\" class=\"wpsm_panel-collapse collapse_29885 collapse in\"  >\r\n\t\t\t\t\t  <div class=\"wpsm_panel-body\">\r\n\t\t\t\t\t\tS\u00ed. Pod\u00e9is elegir las mejores fotos desde casa, utilizando una cuenta personal para seleccionarlas.\t\t\t\t\t  <\/div>\r\n\t\t\t\t\t<\/div>\r\n\t\t\t\t  <\/div>\r\n\t\t\t\t   <!-- Inner panel End -->\r\n\t\t\t\t\r\n\t\t\t\t\t\t\r\n\t\t\t\t  <!-- Inner panel Start -->\r\n\t\t\t\t  <div class=\"wpsm_panel wpsm_panel-default\">\r\n\t\t\t\t\t<div class=\"wpsm_panel-heading\" role=\"tab\" >\r\n\t\t\t\t\t  <h4 class=\"wpsm_panel-title\">\r\n\t\t\t\t\t\t<a  class=\"collapsed\"  data-toggle=\"collapse\" data-parent=\"#wpsm_accordion_29885 \" href=\"#ac_29885_collapse3\"  >\r\n\t\t\t\t\t\t\t\t\t\t\t\t\t\t\t<span  class=\"ac_open_cl_icon fa fa-minus\"><\/span>\r\n\t\t\t\t\t\t\t\t\t\t\t\t\t\t\t\t\t\t\t\t\t<span class=\"ac_title_class\">\r\n\t\t\t\t\t\t\t\t\u00bfC\u00f3mo podemos reservar el d\u00eda?\t\t\t\t\t\t\t<\/span>\r\n\t\t\t\t\t\t<\/a>\r\n\t\t\t\t\t  <\/h4>\r\n\t\t\t\t\t<\/div>\r\n\t\t\t\t\t<div id=\"ac_29885_collapse3\" class=\"wpsm_panel-collapse collapse_29885 collapse in\"  >\r\n\t\t\t\t\t  <div class=\"wpsm_panel-body\">\r\n\t\t\t\t\t\tPara solicitar la reserva del d\u00eda, es conveniente indicar el d\u00eda con antelaci\u00f3n.\r\nDebemos confirmar la cita previamente, y para ello disponemos de un sistema de reservas online.\r\n<br \/>\r\n<a target=\"_blank\" href=\"https:\/\/belgrano.es\/web\/contratar-fotografo-malaga\/\"> Solicitar Presupuesto o Reserva<\/a>\r\n\t\t\t\t\t  <\/div>\r\n\t\t\t\t\t<\/div>\r\n\t\t\t\t  <\/div>\r\n\t\t\t\t   <!-- Inner panel End -->\r\n\t\t\t\t\r\n\t\t\t\t\t\t\r\n\t\t\t\t  <!-- Inner panel Start -->\r\n\t\t\t\t  <div class=\"wpsm_panel wpsm_panel-default\">\r\n\t\t\t\t\t<div class=\"wpsm_panel-heading\" role=\"tab\" >\r\n\t\t\t\t\t  <h4 class=\"wpsm_panel-title\">\r\n\t\t\t\t\t\t<a  class=\"collapsed\"  data-toggle=\"collapse\" data-parent=\"#wpsm_accordion_29885 \" href=\"#ac_29885_collapse4\"  >\r\n\t\t\t\t\t\t\t\t\t\t\t\t\t\t\t<span  class=\"ac_open_cl_icon fa fa-minus\"><\/span>\r\n\t\t\t\t\t\t\t\t\t\t\t\t\t\t\t\t\t\t\t\t\t<span class=\"ac_title_class\">\r\n\t\t\t\t\t\t\t\t\u00bfCu\u00e1ndo se cierra el trato?\t\t\t\t\t\t\t<\/span>\r\n\t\t\t\t\t\t<\/a>\r\n\t\t\t\t\t  <\/h4>\r\n\t\t\t\t\t<\/div>\r\n\t\t\t\t\t<div id=\"ac_29885_collapse4\" class=\"wpsm_panel-collapse collapse_29885 collapse in\"  >\r\n\t\t\t\t\t  <div class=\"wpsm_panel-body\">\r\n\t\t\t\t\t\tUna vez acept\u00e9is el presupuesto y tras realizar el pago a trav\u00e9s de la web. \r\n\t\t\t\t\t  <\/div>\r\n\t\t\t\t\t<\/div>\r\n\t\t\t\t  <\/div>\r\n\t\t\t\t   <!-- Inner panel End -->\r\n\t\t\t\t\r\n\t\t\t\t\t\t\r\n\t\t\t\t  <!-- Inner panel Start -->\r\n\t\t\t\t  <div class=\"wpsm_panel wpsm_panel-default\">\r\n\t\t\t\t\t<div class=\"wpsm_panel-heading\" role=\"tab\" >\r\n\t\t\t\t\t  <h4 class=\"wpsm_panel-title\">\r\n\t\t\t\t\t\t<a  class=\"collapsed\"  data-toggle=\"collapse\" data-parent=\"#wpsm_accordion_29885 \" href=\"#ac_29885_collapse5\"  >\r\n\t\t\t\t\t\t\t\t\t\t\t\t\t\t\t<span  class=\"ac_open_cl_icon fa fa-minus\"><\/span>\r\n\t\t\t\t\t\t\t\t\t\t\t\t\t\t\t\t\t\t\t\t\t<span class=\"ac_title_class\">\r\n\t\t\t\t\t\t\t\t\u00bfRealiz\u00e1is fotos de grupo?\t\t\t\t\t\t\t<\/span>\r\n\t\t\t\t\t\t<\/a>\r\n\t\t\t\t\t  <\/h4>\r\n\t\t\t\t\t<\/div>\r\n\t\t\t\t\t<div id=\"ac_29885_collapse5\" class=\"wpsm_panel-collapse collapse_29885 collapse in\"  >\r\n\t\t\t\t\t  <div class=\"wpsm_panel-body\">\r\n\t\t\t\t\t\tS\u00ed, realizamos todas las fotos de grupo que necesit\u00e9is.\t\t\t\t\t  <\/div>\r\n\t\t\t\t\t<\/div>\r\n\t\t\t\t  <\/div>\r\n\t\t\t\t   <!-- Inner panel End -->\r\n\t\t\t\t\r\n\t\t\t\t\t\t\r\n\t\t\t\t  <!-- Inner panel Start -->\r\n\t\t\t\t  <div class=\"wpsm_panel wpsm_panel-default\">\r\n\t\t\t\t\t<div class=\"wpsm_panel-heading\" role=\"tab\" >\r\n\t\t\t\t\t  <h4 class=\"wpsm_panel-title\">\r\n\t\t\t\t\t\t<a  class=\"collapsed\"  data-toggle=\"collapse\" data-parent=\"#wpsm_accordion_29885 \" href=\"#ac_29885_collapse6\"  >\r\n\t\t\t\t\t\t\t\t\t\t\t\t\t\t\t<span  class=\"ac_open_cl_icon fa fa-minus\"><\/span>\r\n\t\t\t\t\t\t\t\t\t\t\t\t\t\t\t\t\t\t\t\t\t<span class=\"ac_title_class\">\r\n\t\t\t\t\t\t\t\t\u00bfTrabaj\u00e1is fuera de vuestra localidad?\t\t\t\t\t\t\t<\/span>\r\n\t\t\t\t\t\t<\/a>\r\n\t\t\t\t\t  <\/h4>\r\n\t\t\t\t\t<\/div>\r\n\t\t\t\t\t<div id=\"ac_29885_collapse6\" class=\"wpsm_panel-collapse collapse_29885 collapse in\"  >\r\n\t\t\t\t\t  <div class=\"wpsm_panel-body\">\r\n\t\t\t\t\t\tS\u00ed, siempre que se acepte el presupuesto con los posibles gastos adicionales.\t\t\t\t\t  <\/div>\r\n\t\t\t\t\t<\/div>\r\n\t\t\t\t  <\/div>\r\n\t\t\t\t   <!-- Inner panel End -->\r\n\t\t\t\t\r\n\t\t\t\t\t\t\r\n\t\t\t\t  <!-- Inner panel Start -->\r\n\t\t\t\t  <div class=\"wpsm_panel wpsm_panel-default\">\r\n\t\t\t\t\t<div class=\"wpsm_panel-heading\" role=\"tab\" >\r\n\t\t\t\t\t  <h4 class=\"wpsm_panel-title\">\r\n\t\t\t\t\t\t<a  class=\"collapsed\"  data-toggle=\"collapse\" data-parent=\"#wpsm_accordion_29885 \" href=\"#ac_29885_collapse7\"  >\r\n\t\t\t\t\t\t\t\t\t\t\t\t\t\t\t<span  class=\"ac_open_cl_icon fa fa-minus\"><\/span>\r\n\t\t\t\t\t\t\t\t\t\t\t\t\t\t\t\t\t\t\t\t\t<span class=\"ac_title_class\">\r\n\t\t\t\t\t\t\t\t\u00bfCobr\u00e1is por desplazamiento?\t\t\t\t\t\t\t<\/span>\r\n\t\t\t\t\t\t<\/a>\r\n\t\t\t\t\t  <\/h4>\r\n\t\t\t\t\t<\/div>\r\n\t\t\t\t\t<div id=\"ac_29885_collapse7\" class=\"wpsm_panel-collapse collapse_29885 collapse in\"  >\r\n\t\t\t\t\t  <div class=\"wpsm_panel-body\">\r\n\t\t\t\t\t\tDepende del lugar y el servicio contratado. Normalmente si debemos desplazarnos muy lejos, cobrar\u00edamos un gasto adicional.\t\t\t\t\t  <\/div>\r\n\t\t\t\t\t<\/div>\r\n\t\t\t\t  <\/div>\r\n\t\t\t\t   <!-- Inner panel End -->\r\n\t\t\t\t\r\n\t\t\t\t\t\t\r\n\t\t\t\t  <!-- Inner panel Start -->\r\n\t\t\t\t  <div class=\"wpsm_panel wpsm_panel-default\">\r\n\t\t\t\t\t<div class=\"wpsm_panel-heading\" role=\"tab\" >\r\n\t\t\t\t\t  <h4 class=\"wpsm_panel-title\">\r\n\t\t\t\t\t\t<a  class=\"collapsed\"  data-toggle=\"collapse\" data-parent=\"#wpsm_accordion_29885 \" href=\"#ac_29885_collapse8\"  >\r\n\t\t\t\t\t\t\t\t\t\t\t\t\t\t\t<span  class=\"ac_open_cl_icon fa fa-minus\"><\/span>\r\n\t\t\t\t\t\t\t\t\t\t\t\t\t\t\t\t\t\t\t\t\t<span class=\"ac_title_class\">\r\n\t\t\t\t\t\t\t\t\u00bfEs obligatorio realizar un \u00e1lbum?\t\t\t\t\t\t\t<\/span>\r\n\t\t\t\t\t\t<\/a>\r\n\t\t\t\t\t  <\/h4>\r\n\t\t\t\t\t<\/div>\r\n\t\t\t\t\t<div id=\"ac_29885_collapse8\" class=\"wpsm_panel-collapse collapse_29885 collapse in\"  >\r\n\t\t\t\t\t  <div class=\"wpsm_panel-body\">\r\n\t\t\t\t\t\tNo, no es imprescindible.\t\t\t\t\t  <\/div>\r\n\t\t\t\t\t<\/div>\r\n\t\t\t\t  <\/div>\r\n\t\t\t\t   <!-- Inner panel End -->\r\n\t\t\t\t\r\n\t\t\t\t\t\t\r\n\t\t\t\t  <!-- Inner panel Start -->\r\n\t\t\t\t  <div class=\"wpsm_panel wpsm_panel-default\">\r\n\t\t\t\t\t<div class=\"wpsm_panel-heading\" role=\"tab\" >\r\n\t\t\t\t\t  <h4 class=\"wpsm_panel-title\">\r\n\t\t\t\t\t\t<a  class=\"collapsed\"  data-toggle=\"collapse\" data-parent=\"#wpsm_accordion_29885 \" href=\"#ac_29885_collapse9\"  >\r\n\t\t\t\t\t\t\t\t\t\t\t\t\t\t\t<span  class=\"ac_open_cl_icon fa fa-minus\"><\/span>\r\n\t\t\t\t\t\t\t\t\t\t\t\t\t\t\t\t\t\t\t\t\t<span class=\"ac_title_class\">\r\n\t\t\t\t\t\t\t\t\u00bfQu\u00e9 son las fotos Preboda?\t\t\t\t\t\t\t<\/span>\r\n\t\t\t\t\t\t<\/a>\r\n\t\t\t\t\t  <\/h4>\r\n\t\t\t\t\t<\/div>\r\n\t\t\t\t\t<div id=\"ac_29885_collapse9\" class=\"wpsm_panel-collapse collapse_29885 collapse in\"  >\r\n\t\t\t\t\t  <div class=\"wpsm_panel-body\">\r\n\t\t\t\t\t\tLa preboda es una sesi\u00f3n de pareja que se realiza unos meses antes de la boda. <br \/>\r\nDe esta forma, nos conocemos mejor y el d\u00eda de la boda todo fluir\u00e1 mejor. <br \/>\r\nLas fotograf\u00edas de la preboda se pueden utilizar para las invitaciones, photocall, etc.\t\t\t\t\t  <\/div>\r\n\t\t\t\t\t<\/div>\r\n\t\t\t\t  <\/div>\r\n\t\t\t\t   <!-- Inner panel End -->\r\n\t\t\t\t\r\n\t\t\t\t\t\t\r\n\t\t\t\t  <!-- Inner panel Start -->\r\n\t\t\t\t  <div class=\"wpsm_panel wpsm_panel-default\">\r\n\t\t\t\t\t<div class=\"wpsm_panel-heading\" role=\"tab\" >\r\n\t\t\t\t\t  <h4 class=\"wpsm_panel-title\">\r\n\t\t\t\t\t\t<a  class=\"collapsed\"  data-toggle=\"collapse\" data-parent=\"#wpsm_accordion_29885 \" href=\"#ac_29885_collapse10\"  >\r\n\t\t\t\t\t\t\t\t\t\t\t\t\t\t\t<span  class=\"ac_open_cl_icon fa fa-minus\"><\/span>\r\n\t\t\t\t\t\t\t\t\t\t\t\t\t\t\t\t\t\t\t\t\t<span class=\"ac_title_class\">\r\n\t\t\t\t\t\t\t\t\u00bfQu\u00e9 es la Postboda?\t\t\t\t\t\t\t<\/span>\r\n\t\t\t\t\t\t<\/a>\r\n\t\t\t\t\t  <\/h4>\r\n\t\t\t\t\t<\/div>\r\n\t\t\t\t\t<div id=\"ac_29885_collapse10\" class=\"wpsm_panel-collapse collapse_29885 collapse in\"  >\r\n\t\t\t\t\t  <div class=\"wpsm_panel-body\">\r\n\t\t\t\t\t\tLa postboda es una sesi\u00f3n de fotos realizada d\u00edas despu\u00e9s de la ceremonia. <br \/>\r\nEl d\u00eda de la ceremonia atend\u00e9is a los invitados y familiares y no es posible realizar ciertas fotograf\u00edas.<br \/>\r\nSe utiliza para realizar un reportaje de novios en un lugar especial y sacar fotograf\u00edas adicionales al reportaje.\t\t\t\t\t  <\/div>\r\n\t\t\t\t\t<\/div>\r\n\t\t\t\t  <\/div>\r\n\t\t\t\t   <!-- Inner panel End -->\r\n\t\t\t\t\r\n\t\t\t\t\t\t\r\n\t\t\t\t  <!-- Inner panel Start -->\r\n\t\t\t\t  <div class=\"wpsm_panel wpsm_panel-default\">\r\n\t\t\t\t\t<div class=\"wpsm_panel-heading\" role=\"tab\" >\r\n\t\t\t\t\t  <h4 class=\"wpsm_panel-title\">\r\n\t\t\t\t\t\t<a  class=\"collapsed\"  data-toggle=\"collapse\" data-parent=\"#wpsm_accordion_29885 \" href=\"#ac_29885_collapse11\"  >\r\n\t\t\t\t\t\t\t\t\t\t\t\t\t\t\t<span  class=\"ac_open_cl_icon fa fa-minus\"><\/span>\r\n\t\t\t\t\t\t\t\t\t\t\t\t\t\t\t\t\t\t\t\t\t<span class=\"ac_title_class\">\r\n\t\t\t\t\t\t\t\t\u00bfC\u00f3mo son los \u00e1lbumes?\t\t\t\t\t\t\t<\/span>\r\n\t\t\t\t\t\t<\/a>\r\n\t\t\t\t\t  <\/h4>\r\n\t\t\t\t\t<\/div>\r\n\t\t\t\t\t<div id=\"ac_29885_collapse11\" class=\"wpsm_panel-collapse collapse_29885 collapse in\"  >\r\n\t\t\t\t\t  <div class=\"wpsm_panel-body\">\r\n\t\t\t\t\t\tTrabajamos con los mejores laboratorios y encuadernadores para un trabajo de calidad superior.<br \/>\r\nPod\u00e9is seleccionar el \u00e1lbum en algunos productos o p\u00f3deis <a target=\"_blank\" href=\"https:\/\/belgrano.es\/web\/contactar-fotografo-malaga\/\">contactar para consultar.<\/a>\t\t\t\t\t  <\/div>\r\n\t\t\t\t\t<\/div>\r\n\t\t\t\t  <\/div>\r\n\t\t\t\t   <!-- Inner panel End -->\r\n\t\t\t\t\r\n\t\t\t\t\t\t<\/div>\r\n\t\t\t\t<script>\r\n\tjQuery(document).ready(function() {\r\n\t\t\r\n\t\t\tjQuery('.collapse_29885').on('shown.bs.collapse', function(){jQuery(this).parent().find(\".fa-plus\").removeClass(\"fa-minus\").addClass(\"fa-minus\"); jQuery(this).parent().find(\".wpsm_panel-heading\").addClass(\"acc-a\"); }).on('hidden.bs.collapse', function(){jQuery(this).parent().find(\".fa-minus\").removeClass(\"fa-minus\").addClass(\"fa-plus\"); jQuery(this).parent().find(\".wpsm_panel-heading\").removeClass(\"acc-a\");});\r\n\t\t\r\n\t\t});\r\n\t<\/script>\r\n\t\t\n","protected":false},"excerpt":{"rendered":"","protected":false},"author":1,"featured_media":0,"parent":0,"menu_order":0,"comment_status":"closed","ping_status":"closed","template":"","meta":{"ngg_post_thumbnail":0,"footnotes":""},"class_list":["post-29886","page","type-page","status-publish","hentry"],"_links":{"self":[{"href":"https:\/\/belgrano.es\/web\/wp-json\/wp\/v2\/pages\/29886","targetHints":{"allow":["GET"]}}],"collection":[{"href":"https:\/\/belgrano.es\/web\/wp-json\/wp\/v2\/pages"}],"about":[{"href":"https:\/\/belgrano.es\/web\/wp-json\/wp\/v2\/types\/page"}],"author":[{"embeddable":true,"href":"https:\/\/belgrano.es\/web\/wp-json\/wp\/v2\/users\/1"}],"replies":[{"embeddable":true,"href":"https:\/\/belgrano.es\/web\/wp-json\/wp\/v2\/comments?post=29886"}],"version-history":[{"count":2,"href":"https:\/\/belgrano.es\/web\/wp-json\/wp\/v2\/pages\/29886\/revisions"}],"predecessor-version":[{"id":31874,"href":"https:\/\/belgrano.es\/web\/wp-json\/wp\/v2\/pages\/29886\/revisions\/31874"}],"wp:attachment":[{"href":"https:\/\/belgrano.es\/web\/wp-json\/wp\/v2\/media?parent=29886"}],"curies":[{"name":"wp","href":"https:\/\/api.w.org\/{rel}","templated":true}]}}