{"id":28119,"date":"2017-08-09T15:39:36","date_gmt":"2017-08-09T15:39:36","guid":{"rendered":"http:\/\/belgrano.es\/web\/?page_id=28119"},"modified":"2024-09-25T19:43:42","modified_gmt":"2024-09-25T19:43:42","slug":"terminos-y-condiciones","status":"publish","type":"page","link":"https:\/\/belgrano.es\/web\/area-de-clientes\/terminos-y-condiciones\/","title":{"rendered":"T\u00e9rminos y condiciones"},"content":{"rendered":"<p style=\"text-align: justify;\">El presente aviso legal (en adelante, el \u00abAviso Legal\u00bb) regula el uso del servicio del portal de Internet https:\/\/www.belgrano.es (en adelante, el \u00abWeb\u00bb) de V\u00edctor M. Belgrano con domicilio social en C\/ Alcalde Joaqu\u00edn Alonso 6, 10B, 29003 M\u00e1laga, con CIF 74845953C.<\/p>\n<h2 style=\"text-align: justify;\">Legislaci\u00f3n<\/h2>\n<p style=\"text-align: justify;\">Con car\u00e1cter general las relaciones entre V\u00edctor M. Belgrano con los Usuarios de sus servicios telem\u00e1ticos, presentes en la web, se encuentran sometidas a la legislaci\u00f3n y jurisdicci\u00f3n espa\u00f1olas.<br \/>\nLas partes renuncian expresamente al fuero que les pudiera corresponder y someten expresamente a los Juzgados y Tribunales de M\u00e1laga para resolver cualquier controversia que pueda surgir en la interpretaci\u00f3n o ejecuci\u00f3n de las presentes condiciones contractuales.<\/p>\n<h2 style=\"text-align: justify;\">Contenido y uso<\/h2>\n<p style=\"text-align: justify;\">El Usuario queda informado, y acepta, que el acceso a la presente web no supone, en modo alguno, el inicio de una relaci\u00f3n comercial con V\u00edctor M. Belgrano.<br \/>\nEl titular del web no se identifica con las opiniones vertidas en el mismo por sus colaboradores. V\u00edctor M. Belgrano se reserva el derecho de efectuar sin previo aviso las modificaciones que considere oportunas en su Web, pudiendo cambiar, suprimir o a\u00f1adir tanto los contenidos y servicios que se presten a trav\u00e9s de la misma como la forma en la que \u00e9stos aparezcan presentados o localizados en sus servidores.<\/p>\n<h2 style=\"text-align: justify;\">Propiedad intelectual e industrial<\/h2>\n<p style=\"text-align: justify;\">Los derechos de propiedad intelectual del contenido de las p\u00e1ginas web, los textos, su dise\u00f1o gr\u00e1fico y c\u00f3digos son titularidad de V\u00edctor M. Belgrano. Y est\u00e1n Todos los derechos reservados. Todos los nombres comerciales, marcas o signos distintos de cualquier clase contenidos en las p\u00e1ginas web de la Empresa son propiedad de sus due\u00f1os y est\u00e1n protegidos por ley.<\/p>\n<h2 style=\"text-align: justify;\">Enlaces (links)<\/h2>\n<p style=\"text-align: justify;\">La presencia de enlaces (links) en las p\u00e1ginas web de V\u00edctor M. Belgrano tiene finalidad meramente informativa y en ning\u00fan caso supone sugerencia, invitaci\u00f3n o recomendaci\u00f3n sobre los mismos.<\/p>\n<h2 style=\"text-align: justify;\">Confidencialidad y protecci\u00f3n de datos<\/h2>\n<p style=\"text-align: justify;\">A efecto de lo previsto e n la Ley Org\u00e1nica 15\/1999, de 13 de diciembre, de Protecci\u00f3n de Datos de Car\u00e1cter Personal, V\u00edctor M. Belgrano informa al Usuario de la existencia de un fichero automatizado de datos de car\u00e1cter personal creado por y para V\u00edctor M. Belgrano y bajo su responsabilidad, con la finalidad de realizar el mantenimiento y gesti\u00f3n de la relaci\u00f3n con el Usuario, as\u00ed como las labores de informaci\u00f3n. Ud. da su consentimiento expreso para la inclusi\u00f3n de sus datos en el mencionado fichero y la remisi\u00f3n de informaciones comerciales de productos de V\u00edctor M. Belgrano. En el momento de la aceptaci\u00f3n de las presentes condiciones generales, V\u00edctor M. Belgrano precisar\u00e1 del Usuario la recogida de unos datos imprescindibles para la prestaci\u00f3n de sus servicios.<\/p>\n<h2 style=\"text-align: justify;\">Registro de ficheros y formularios<\/h2>\n<p style=\"text-align: justify;\">La cumplimentaci\u00f3n del formulario de registro es obligatoria para acceder y disfrutar de determinados servicios ofrecidos en la web. El no facilitar los datos personales solicitados o el no aceptar la presente pol\u00edtica de protecci\u00f3n de datos supone la imposibilidad de suscribirse, registrarse o participar en cualquiera de las promociones en las que se soliciten datos car\u00e1cter personal.<br \/>\nDe acuerdo a lo establecido en la Ley Org\u00e1nica 15\/1999, de 13 de diciembre, de Protecci\u00f3n de Datos de Car\u00e1cter Personal, le informamos que los datos personales que se obtengan como consecuencia de su registro, ser\u00e1n incorporados a un fichero titularidad de V\u00edctor M. Belgrano y domicilio en C\/ Alcalde Joaqu\u00edn Alonso 6, 10 B, M\u00e1laga con CIF 74845953C, teniendo implementadas las medidas de seguridad establecidas en el Real Decreto 994\/1999, de 11 de junio.<\/p>\n<h2 style=\"text-align: justify;\">Exactitud y veracidad de los datos facilitados<\/h2>\n<p style=\"text-align: justify;\">El Usuario es el \u00fanico responsable de la veracidad y correcci\u00f3n de los datos incluidos, exoner\u00e1ndose V\u00edctor M. Belgrano de cualquier responsabilidad al respecto. Los usuarios garantizan y responden, en cualquier caso, de la exactitud, vigencia y autenticidad de los datos personales facilitados, y se comprometen a mantenerlos debidamente actualizados. El usuario acepta proporcionar informaci\u00f3n completa y correcta en el formulario de registro o suscripci\u00f3n. V\u00edctor M. Belgrano no responde de la veracidad de las informaciones que no sean de elaboraci\u00f3n propia y de las que se indique otra fuente, por lo que tampoco asume responsabilidad alguna en cuanto a hipot\u00e9ticos perjuicios que pudieran originarse por el uso de dicha informaci\u00f3n. V\u00edctor M. Belgrano se reserva el derecho a actualizar, modificar o eliminar la informaci\u00f3n contenida en sus p\u00e1ginas web pudiendo incluso limitar o no permitir el acceso a dicha informaci\u00f3n. Se exonera a V\u00edctor M. Belgrano de responsabilidad ante cualquier da\u00f1o o perjuicio que pudiera sufrir el Usuario como consecuencia de errores, defectos u omisiones, en la informaci\u00f3n facilitada por V\u00edctor M. Belgrano siempre que proceda de fuentes ajenas a V\u00edctor M. Belgrano.<\/p>\n<h2 style=\"text-align: justify;\">Cookies<\/h2>\n<p style=\"text-align: justify;\">La web utiliza cookies seg\u00fan indica la legislaci\u00f3n actual.<\/p>\n<h2 style=\"text-align: justify;\">Finalidades<\/h2>\n<p style=\"text-align: justify;\">Las finalidades de V\u00edctor M. Belgrano son el mantenimiento y gesti\u00f3n de la relaci\u00f3n con el Usuario, as\u00ed como las labores de informaci\u00f3n.<\/p>\n<h2 style=\"text-align: justify;\">Menores de edad<\/h2>\n<p style=\"text-align: justify;\">En el supuesto que algunos de nuestros servicios vayan dirigidos espec\u00edficamente a menores de edad, V\u00edctor M. Belgrano solicitar\u00e1 la conformidad de los padres o tutores para la recogida de los datos personales o, en su caso, para el tratamiento automatizado de los datos.<\/p>\n<h2 style=\"text-align: justify;\">Cesi\u00f3n de datos a terceros<\/h2>\n<p style=\"text-align: justify;\">V\u00edctor M. Belgrano no realizar\u00e1 cesi\u00f3n de datos de los usuarios a terceros.<\/p>\n<h2 style=\"text-align: justify;\">Ejercicio de derechos de acceso, rectificaci\u00f3n, cancelaci\u00f3n y oposici\u00f3n<\/h2>\n<p style=\"text-align: justify;\">Podr\u00e1 dirigir sus comunicaciones y ejercitar los derechos de acceso, rectificaci\u00f3n, cancelaci\u00f3n y oposici\u00f3n en la direcci\u00f3n de Internet victor@belgrano.es o bien por correo ordinario dirigido a V\u00edctor M. Belgrano, C\/ Alcalde Joaqu\u00edn Alonso 6, 10B, 29003 M\u00e1laga. Para ejercer dichos derechos y en cumplimiento de la Instrucci\u00f3n 1\/1998, de 19 de enero, de la Agencia de Protecci\u00f3n de Datos, es necesario que usted acredite su personalidad frente a V\u00edctor M. Belgrano mediante el env\u00edo de fotocopia de Documento Nacional de Identidad o cualquier otro medio v\u00e1lido en Derecho. No obstante, la modificaci\u00f3n o rectificaci\u00f3n de sus datos de registro se podr\u00e1 realizar en el propio Site identific\u00e1ndose, previamente, con su usuario y contrase\u00f1a.<\/p>\n<h2 style=\"text-align: justify;\">Medidas de seguridad<\/h2>\n<p style=\"text-align: justify;\">V\u00edctor M. Belgrano ha adoptado los niveles de seguridad de protecci\u00f3n de los Datos Personales legalmente requeridos, y procuran instalar aquellos otros medios y medidas t\u00e9cnicas adicionales a su alcance para evitar la p\u00e9rdida, mal uso, alteraci\u00f3n, acceso no autorizado y robo de los Datos Personales facilitados a V\u00edctor M. Belgrano. V\u00edctor M. Belgrano no ser\u00e1 responsable de posibles da\u00f1os o perjuicios que se pudieran derivar de interferencias, omisiones, interrupciones, virus inform\u00e1ticos, aver\u00edas telef\u00f3nicas o desconexiones en el funcionamiento operativo de este sistema electr\u00f3nico, motivadas por causas ajenas a V\u00edctor M. Belgrano; de retrasos o bloqueos en el uso del presente sistema electr\u00f3nico causados por deficiencias o sobrecargas de l\u00edneas telef\u00f3nicas o sobrecargas en el Centro de Procesos de Datos, en el sistema de Internet o en otros sistemas electr\u00f3nicos, as\u00ed como de da\u00f1os que puedan ser causados por terceras personas mediante intromisiones ileg\u00edtimas fuera del control de V\u00edctor M. Belgrano. Ello no obstante, el Usuario debe ser consciente de que las medidas de seguridad en Internet no son inexpugnables.<\/p>\n<h2 style=\"text-align: justify;\">Aceptaci\u00f3n y Consentimiento<\/h2>\n<p style=\"text-align: justify;\">El Usuario declara haber sido informado de las condiciones sobre protecci\u00f3n de datos personales, aceptando y consintiendo el tratamiento automatizado de los mismos por parte de V\u00edctor M. Belgrano en la forma y para las finalidades indicadas en la presente Pol\u00edtica de Protecci\u00f3n de Datos Personales. Ciertos servicios prestados en el Portal pueden contener condiciones particulares con previsiones espec\u00edficas en materia de protecci\u00f3n de Datos Personales.<\/p>\n","protected":false},"excerpt":{"rendered":"<p>El presente aviso legal (en adelante, el \u00abAviso Legal\u00bb) regula el uso del servicio del portal de Internet https:\/\/www.belgrano.es (en adelante, el \u00abWeb\u00bb) de V\u00edctor M. Belgrano con domicilio social en C\/ Alcalde Joaqu\u00edn Alonso 6, 10B, 29003 M\u00e1laga, con CIF 74845953C. Legislaci\u00f3n Con car\u00e1cter general las relaciones entre V\u00edctor M. Belgrano con los Usuarios&hellip; <br \/> <a class=\"button small blue\" href=\"https:\/\/belgrano.es\/web\/area-de-clientes\/terminos-y-condiciones\/\">Leer m\u00e1s<\/a><\/p>\n","protected":false},"author":1,"featured_media":0,"parent":466,"menu_order":0,"comment_status":"closed","ping_status":"closed","template":"","meta":{"ngg_post_thumbnail":0,"footnotes":""},"class_list":["post-28119","page","type-page","status-publish","hentry"],"_links":{"self":[{"href":"https:\/\/belgrano.es\/web\/wp-json\/wp\/v2\/pages\/28119","targetHints":{"allow":["GET"]}}],"collection":[{"href":"https:\/\/belgrano.es\/web\/wp-json\/wp\/v2\/pages"}],"about":[{"href":"https:\/\/belgrano.es\/web\/wp-json\/wp\/v2\/types\/page"}],"author":[{"embeddable":true,"href":"https:\/\/belgrano.es\/web\/wp-json\/wp\/v2\/users\/1"}],"replies":[{"embeddable":true,"href":"https:\/\/belgrano.es\/web\/wp-json\/wp\/v2\/comments?post=28119"}],"version-history":[{"count":4,"href":"https:\/\/belgrano.es\/web\/wp-json\/wp\/v2\/pages\/28119\/revisions"}],"predecessor-version":[{"id":28169,"href":"https:\/\/belgrano.es\/web\/wp-json\/wp\/v2\/pages\/28119\/revisions\/28169"}],"up":[{"embeddable":true,"href":"https:\/\/belgrano.es\/web\/wp-json\/wp\/v2\/pages\/466"}],"wp:attachment":[{"href":"https:\/\/belgrano.es\/web\/wp-json\/wp\/v2\/media?parent=28119"}],"curies":[{"name":"wp","href":"https:\/\/api.w.org\/{rel}","templated":true}]}}