{"id":28113,"date":"2017-08-07T19:42:28","date_gmt":"2017-08-07T19:42:28","guid":{"rendered":"http:\/\/belgrano.es\/web\/?page_id=28113"},"modified":"2024-10-24T05:13:38","modified_gmt":"2024-10-24T05:13:38","slug":"mis-sesiones-fotograficas","status":"publish","type":"page","link":"https:\/\/belgrano.es\/web\/mis-sesiones-fotograficas\/","title":{"rendered":"Mis Sesiones Fot\u00f3graficas"},"content":{"rendered":"\n<p>Bienvenido a su espacio personal. Aqu\u00ed puede explorar las sesiones fotogr\u00e1ficas realizadas y acceder a cada uno de sus momentos capturados<\/p>\n\n\n<div id=\"sunshine--account--login-signup\">\n\n\t\n\t<div id=\"sunshine--account--login\">\n\t\t<div id=\"sunshine--account--login-form\">\n\n\t\n\t<div class=\"sunshine--account--login--title sunshine--modal--title\">Iniciar sesi\u00f3n<\/div>\n\n\t<form method=\"post\" action=\"\" class=\"sunshine--form--fields\">\n\t\t<input type=\"hidden\" id=\"sunshine_login\" name=\"sunshine_login\" value=\"7600a1e518\" \/><input type=\"hidden\" name=\"_wp_http_referer\" value=\"\/web\/wp-json\/wp\/v2\/pages\/28113\" \/>\t\t<div class=\"sunshine--form--field\">\n\t\t\t<label for=\"sunshine-login-email\">Direcci\u00f3n de correo electr\u00f3nico<\/label>\n\t\t\t<input type=\"email\" name=\"sunshine_login_email\" id=\"sunshine-login-email\" required=\"required\" \/>\n\t\t<\/div>\n\t\t<div class=\"sunshine--form--field\">\n\t\t\t<label for=\"sunshine-login-password\">Contrase\u00f1a<\/label>\n\t\t\t<input type=\"password\" name=\"sunshine_login_password\" id=\"sunshine-login-password\" required=\"required\" \/>\n\t\t<\/div>\n\t\t<div class=\"sunshine--form--field sunshine--form--field-submit\">\n\t\t\t<button type=\"submit\" class=\"button sunshine--button\">Iniciar sesi\u00f3n<\/button>\n\t\t\t<div class=\"sunshine--form--field--desc sunshine--account--reset-password-toggle\"><a href=\"#password\" onclick=\"jQuery( '#sunshine--account--login-form, #sunshine--account--reset-password-form' ).toggle(); return false;\">\u00bfContrase\u00f1a perdida?<\/a><\/div>\n\t\t<\/div>\n\t\t\t<\/form>\n\n<\/div>\n\n<div id=\"sunshine--account--reset-password-form\" style=\"display: none;\">\n\t<div class=\"sunshine--account--login--title sunshine--modal--title\">Restablecer contrase\u00f1a<\/div>\n\t<form method=\"post\" action=\"\" class=\"sunshine--form--fields\">\n\t\t<input type=\"hidden\" id=\"sunshine_reset_password_nonce\" name=\"sunshine_reset_password_nonce\" value=\"109ff86862\" \/><input type=\"hidden\" name=\"_wp_http_referer\" value=\"\/web\/wp-json\/wp\/v2\/pages\/28113\" \/>\t\t<div class=\"sunshine--form--field\">\n\t\t\t<label for=\"sunshine-reset-password-email\">Direcci\u00f3n de correo electr\u00f3nico<\/label>\n\t\t\t<input type=\"email\" name=\"sunshine_reset_password_email\" id=\"sunshine-reset-password-email\" required=\"required\" autocomplete=\"email\" \/>\n\t\t\t<div class=\"sunshine--form--field--desc\">Se le enviar\u00e1 un correo electr\u00f3nico a esta direcci\u00f3n con instrucciones para restablecer su contrase\u00f1a<\/div>\n\t\t<\/div>\n\t\t<div class=\"sunshine--form--field sunshine--form--field-submit\">\n\t\t\t<button type=\"submit\" class=\"button sunshine--button\">Obtener nueva contrase\u00f1a<\/button>\n\t\t\t<div class=\"sunshine--form--field--desc sunshine--account--reset-password-toggle\"><a href=\"#password\" onclick=\"jQuery( '#sunshine--account--login-form, #sunshine--account--reset-password-form' ).toggle(); return false;\">\u00danete ahora<\/a><\/div>\n\t\t<\/div>\n\t<\/form>\n<\/div>\n\t<\/div>\n\n\t\n<\/div>\n\n\n\n<div id=\"sunshine--galleries--empty\">Lo sentimos, a\u00fan no se han creado galer\u00edas<\/div>\n\n","protected":false},"excerpt":{"rendered":"<p>Bienvenido a su espacio personal. Aqu\u00ed puede explorar las sesiones fotogr\u00e1ficas realizadas y acceder a cada uno de sus momentos capturados<\/p>\n","protected":false},"author":1,"featured_media":0,"parent":0,"menu_order":0,"comment_status":"closed","ping_status":"closed","template":"","meta":{"ngg_post_thumbnail":0,"footnotes":""},"class_list":["post-28113","page","type-page","status-publish","hentry"],"_links":{"self":[{"href":"https:\/\/belgrano.es\/web\/wp-json\/wp\/v2\/pages\/28113","targetHints":{"allow":["GET"]}}],"collection":[{"href":"https:\/\/belgrano.es\/web\/wp-json\/wp\/v2\/pages"}],"about":[{"href":"https:\/\/belgrano.es\/web\/wp-json\/wp\/v2\/types\/page"}],"author":[{"embeddable":true,"href":"https:\/\/belgrano.es\/web\/wp-json\/wp\/v2\/users\/1"}],"replies":[{"embeddable":true,"href":"https:\/\/belgrano.es\/web\/wp-json\/wp\/v2\/comments?post=28113"}],"version-history":[{"count":6,"href":"https:\/\/belgrano.es\/web\/wp-json\/wp\/v2\/pages\/28113\/revisions"}],"predecessor-version":[{"id":31887,"href":"https:\/\/belgrano.es\/web\/wp-json\/wp\/v2\/pages\/28113\/revisions\/31887"}],"wp:attachment":[{"href":"https:\/\/belgrano.es\/web\/wp-json\/wp\/v2\/media?parent=28113"}],"curies":[{"name":"wp","href":"https:\/\/api.w.org\/{rel}","templated":true}]}}