{"id":27999,"date":"2017-06-05T02:21:01","date_gmt":"2017-06-05T02:21:01","guid":{"rendered":"http:\/\/belgrano.es\/web\/?page_id=27999"},"modified":"2024-09-25T19:43:23","modified_gmt":"2024-09-25T19:43:23","slug":"fotografo-bodas","status":"publish","type":"page","link":"https:\/\/belgrano.es\/web\/fotografo-bodas\/","title":{"rendered":"Fotografo Bodas Malaga \u00b7 Fotografo Profesional de Bodas en M\u00e1laga"},"content":{"rendered":"<h1 style=\"text-align: justify;\">Fotografo Bodas Malaga<a href=\"https:\/\/belgrano.es\/web\/contratar-fotografo-malaga\/\"><img loading=\"lazy\" decoding=\"async\" class=\"alignright wp-image-28013 size-medium\" title=\"fotografo bodas\" src=\"http:\/\/belgrano.es\/web\/wp-content\/uploads\/2017\/06\/fotografo-bodas-300x200.jpg\" alt=\"fotografo bodas\" width=\"300\" height=\"200\"><\/a><\/h1>\n<p style=\"text-align: justify;\">Contratar Fotografo Bodas en M\u00e1laga. Un buen fotografo para Bodas Malaga.<\/p>\n<p style=\"text-align: justify;\">Si lo desea\u00eds, pod\u00e9is <a href=\"http:\/\/belgrano.es\/web\/contactar-fotografo-malaga\/\">contactarme como fotogr\u00e1fo rellenando el formulario<\/a> de contacto y solicitar un presupuesto para el d\u00eda de vuestra boda.<\/p>\n<p style=\"text-align: justify;\">Las bodas son un <strong>d\u00eda muy especial<\/strong> para vosotros y podr\u00e9is recordarla para siempre, <strong>foto a foto<\/strong>. Hoy es el primer d\u00eda del resto de vuestras vidas juntos, y si lo quer\u00e9is, ser\u00e9 vuestro fot\u00f3grafo de bodas.<\/p>\n<p style=\"text-align: justify;\">Elegir un buen fotografo bodas es siempre delicado, porque cada fot\u00f3grafo tiene su propio <strong>estilo persona<\/strong>l y os surgen las dudas, es algo normal. Contratar un fotografo bodas barato puede salir al final m\u00e1s caro.<\/p>\n<p style=\"text-align: justify;\">Para conocerme un poco mejor, os dir\u00e9 que mi nombre es <strong>V\u00edctor Belgrano<\/strong>, nacido en la provincia de <strong>M\u00e1laga<\/strong>. Siempre me apasion\u00f3 la fotograf\u00eda, pero no fue hasta pasado un tiempo cuando me hice fot\u00f3grafo <strong>profesional<\/strong>.<\/p>\n<p style=\"text-align: justify;\">Si os gusta mi trabajo, me desplazar\u00e9 para fotografiar la boda a cualquier localidad de <strong>M\u00e1laga.<\/strong>&nbsp;S\u00ed la bodas son fuera de M\u00e1laga, o en otra provincia de Espa\u00f1a, tambi\u00e9n pod\u00e9is <a href=\"http:\/\/belgrano.es\/web\/contratar-fotografo-malaga\/\" target=\"_blank\" rel=\"noopener\">preguntadme<\/a>.<\/p>\n<h2 style=\"text-align: justify;\">\u00bfCu\u00e1les son los Precios Fotografo Bodas Malaga?<\/h2>\n<p style=\"text-align: justify;\">Los precios para contratar un fot\u00f3grafo bodas, <strong>pueden variar <\/strong>seg\u00fan el tipo de reportaje que solicit\u00e9is, pudiendo ser <strong>preboda<\/strong>, sesiones de <strong>postboda o<\/strong>&nbsp; cubrir la <strong>ceremonia completa<\/strong>.&nbsp;<\/p>\n<p style=\"text-align: justify;\">Pod\u00e9is <a href=\"http:\/\/belgrano.es\/web\/contactar-fotografo-malaga\/\">contactar enviando un mensaje<\/a> indicando informaci\u00f3n sobre lo que os gustar\u00eda, fotograf\u00edas de estudio vestidos de novios, fotograf\u00edas en exterior, etc. Seg\u00fan el presupuesto del que dispong\u00e1is, tratar\u00e9 de daros la mejor opci\u00f3n, al mejor precio posible.<\/p>\n<h2 style=\"text-align: justify;\">\u00bfC\u00f3mo elegir las mejores fotos de bodas?<\/h2>\n<p style=\"text-align: justify;\">Desp\u00faes de realizar las fotos de boda, nos pondremos manos a la obra para preparar las <strong>mejores fotos<\/strong> del reportaje de boda. Posteriormente, podr\u00e9is elegir la mejor o las que m\u00e1s os gusten para crear el <strong>\u00e1lbum de boda perfecto<\/strong>: un cuadro con vuestra<strong> mejor foto<\/strong>, peque\u00f1as <strong>copias<\/strong> o <strong>ampliaciones<\/strong> para familiares.&nbsp;<\/p>\n<p style=\"text-align: justify;\">Pasados unos d\u00edas, podr\u00e9is ver las fotograf\u00edas utilizando vuestra <strong>cuenta privada online<\/strong>. Podr\u00e9is acceder y elegir las fotos de boda desde casa, con tu pareja o familiares. De esta forma <strong>elegir las mejores fotos para el \u00e1lbum perfecto, sin prisas.<\/strong><\/p>\n<p style=\"text-align: justify;\">Entrego las fotograf\u00edas seleccionadas en <strong>formato digital<\/strong> para que pod\u00e1is tenerlas para siempre. Si quieres saber como obtendr\u00e1s tus fotos y como es el proceso de selecci\u00f3n, pod\u00e9is leer la informaci\u00f3n m\u00e1s detalla en \u00ab<a href=\"http:\/\/belgrano.es\/web\/preguntas-frecuentes\/\" target=\"_blank\" rel=\"noopener\">preguntas frecuentes<\/a>\u00ab.<\/p>\n<p style=\"text-align: justify;\">Ahora os dejo unas fotograf\u00edas de la <strong>galer\u00eda de bodas<\/strong> y as\u00ed os hag\u00e1is una idea de mi estilo como Fotografo Bodas Malaga.<\/p>\n<h2 style=\"text-align: justify;\">Galeria Fotografo Bodas Malaga<\/h2>\nngg_shortcode_0_placeholder\n<p style=\"text-align: justify;\">Para&nbsp;<a href=\"http:\/\/belgrano.es\/web\/contactar-fotografo-malaga\/\" target=\"_blank\" rel=\"noopener\">contactar<\/a>, pod\u00e9is dejadme un <a href=\"http:\/\/belgrano.es\/web\/contactar-fotografo-malaga\/\">mensaje<\/a>, enviar un <strong>email<\/strong> o llamar al (+34)&nbsp;<strong>644 433 394<\/strong>. Estar\u00e9 encantado de que me cont\u00e9is vuestra historia y lo que necesit\u00e1is. O pod\u00e9is <a href=\"http:\/\/belgrano.es\/web\/contratar-fotografo-malaga\/\" target=\"_blank\" rel=\"noopener noreferrer\">solicitar un presupuesto<\/a> para ser tu fot\u00f3grafo de bodas en M\u00e1laga.<\/p>\n<p style=\"text-align: justify;\">Si me deja\u00eds un mensaje, intentar\u00e9 contactar con vosotros lo antes posible.<\/p>\n<p style=\"text-align: justify;\">Gracias por visitar mi web.<\/p>\n<hr>\n<p style=\"text-align: justify;\">Temas de inter\u00e9s: fotografo bodas, fotografo bodas malaga, reportaje bodas malaga, fotografos para bodas, fotografo bodas barato<\/p>\n<h5 style=\"text-align: justify;\">P\u00e1gina web alojada en <a href=\"http:\/\/www.pymessoft.com\" target=\"_blank\" rel=\"noopener noreferrer\">Pymessoft.com<\/a><\/h5>\n","protected":false},"excerpt":{"rendered":"<p>Fotografo Bodas Malaga Contratar Fotografo Bodas en M\u00e1laga. Un buen fotografo para Bodas Malaga. Si lo desea\u00eds, pod\u00e9is contactarme como fotogr\u00e1fo rellenando el formulario de contacto y solicitar un presupuesto para el d\u00eda de vuestra boda. Las bodas son un d\u00eda muy especial para vosotros y podr\u00e9is recordarla para siempre, foto a foto. Hoy es&hellip; <br \/> <a class=\"button small blue\" href=\"https:\/\/belgrano.es\/web\/fotografo-bodas\/\">Leer m\u00e1s<\/a><\/p>\n","protected":false},"author":1,"featured_media":28013,"parent":0,"menu_order":0,"comment_status":"closed","ping_status":"closed","template":"","meta":{"ngg_post_thumbnail":0,"footnotes":""},"class_list":["post-27999","page","type-page","status-publish","has-post-thumbnail","hentry"],"_links":{"self":[{"href":"https:\/\/belgrano.es\/web\/wp-json\/wp\/v2\/pages\/27999","targetHints":{"allow":["GET"]}}],"collection":[{"href":"https:\/\/belgrano.es\/web\/wp-json\/wp\/v2\/pages"}],"about":[{"href":"https:\/\/belgrano.es\/web\/wp-json\/wp\/v2\/types\/page"}],"author":[{"embeddable":true,"href":"https:\/\/belgrano.es\/web\/wp-json\/wp\/v2\/users\/1"}],"replies":[{"embeddable":true,"href":"https:\/\/belgrano.es\/web\/wp-json\/wp\/v2\/comments?post=27999"}],"version-history":[{"count":33,"href":"https:\/\/belgrano.es\/web\/wp-json\/wp\/v2\/pages\/27999\/revisions"}],"predecessor-version":[{"id":29895,"href":"https:\/\/belgrano.es\/web\/wp-json\/wp\/v2\/pages\/27999\/revisions\/29895"}],"wp:featuredmedia":[{"embeddable":true,"href":"https:\/\/belgrano.es\/web\/wp-json\/wp\/v2\/media\/28013"}],"wp:attachment":[{"href":"https:\/\/belgrano.es\/web\/wp-json\/wp\/v2\/media?parent=27999"}],"curies":[{"name":"wp","href":"https:\/\/api.w.org\/{rel}","templated":true}]}}