{"id":27799,"date":"2017-05-31T04:20:24","date_gmt":"2017-05-31T04:20:24","guid":{"rendered":"http:\/\/belgrano.es\/web\/?page_id=27799"},"modified":"2024-09-25T19:43:26","modified_gmt":"2024-09-25T19:43:26","slug":"fotografo-publicidad","status":"publish","type":"page","link":"https:\/\/belgrano.es\/web\/fotografo-publicidad\/","title":{"rendered":"Fotografo Publicidad"},"content":{"rendered":"<h2 style=\"text-align: justify;\">Fotografo Publicidad en M\u00e1laga<a href=\"http:\/\/belgrano.es\/web\/wp-content\/uploads\/2013\/05\/bodegon_vaso_pyssla1.jpg\"><img loading=\"lazy\" decoding=\"async\" class=\"alignright wp-image-93 size-medium\" style=\"font-size: 16px;\" title=\"fotografo publicidad malaga\" src=\"http:\/\/belgrano.es\/web\/wp-content\/uploads\/2013\/05\/bodegon_vaso_pyssla1-300x200.jpg\" alt=\"fotografo publicidad malaga\" width=\"300\" height=\"200\"><\/a><\/h2>\n<p style=\"text-align: justify;\">Si necesita contratar un fotografo publicidad para fotografiar sus productos con profesionalidad, <a href=\"http:\/\/belgrano.es\/web\/contactar-fotografo-malaga\/\">contacte con nosotros<\/a> y pida presupuesto para publicidad sin compromiso alguno.<\/p>\n<p style=\"text-align: justify;\">Hoy en d\u00eda est\u00e1 muy demandada la <a href=\"https:\/\/es.wikipedia.org\/wiki\/Fotograf%C3%ADa_publicitaria\" target=\"_blank\" rel=\"noopener noreferrer\">fotograf\u00eda publicitaria<\/a> para realizar un cat\u00e1logo, un book de fotograf\u00edas o simplemente decorar su negocio para darle un toque de calidad.<\/p>\n<p style=\"text-align: justify;\">Al contratar un fotografo para publicidad o fotografo publicitario se garantiza un trabajo profesional con unos resultados excelentes.<\/p>\n<p style=\"text-align: justify;\">Un cat\u00e1logo de publicidad y un dise\u00f1o adaptado a su negocio. A continuaci\u00f3n le mostraremos algunas fotograf\u00edas realizadas como Fot\u00f3grafo de publicidad.<\/p>\n<h2 style=\"text-align: justify;\">Galer\u00eda Fotografo Publicidad<\/h2>\nngg_shortcode_0_placeholder\n<h2><strong>Videos Fotografo Publicidad&nbsp;<\/strong><\/h2>\n<p>Si necesita realizar un v\u00eddeo de publicidad para su negocio, tambi\u00e9n realizamos v\u00eddeos publicitarios en M\u00e1laga (<a href=\"http:\/\/belgrano.es\/web\/contactar-fotografo-malaga\/\">consultar otra ubicaci\u00f3n<\/a>). V\u00eddeos publicitarios para empresas o aut\u00f3nomos: restaurantes, empresa construcci\u00f3n, video book, locales, pubs, eventos, etc.&nbsp; Vea a continuaci\u00f3n algunos ejemplos.<\/p>\n<h3>V\u00eddeo de publicidad para la empresa de certificado energ\u00e9tico.<\/h3>\n<p><iframe loading=\"lazy\" src=\"https:\/\/www.youtube.com\/embed\/WNeG3-tF1eo\" width=\"560\" height=\"315\" frameborder=\"0\" allowfullscreen=\"allowfullscreen\"><\/iframe><\/p>\n<h3>V\u00eddeo de Publicidad para empresa de trabajo con m\u00e1rmol.<\/h3>\n<p><iframe loading=\"lazy\" src=\"https:\/\/www.youtube.com\/embed\/8OJYAD8_St0\" width=\"560\" height=\"315\" frameborder=\"0\" allowfullscreen=\"allowfullscreen\"><\/iframe><\/p>\n<hr>\n<h6>Temas de inter\u00e9s: fotografo para publicidad, fotografo publicitario malaga, fotografo productos, fotografo moda, contratar fotografo para publicidad, fotografo profesional malaga, fotografia publicitaria, estudio fotografico, fotografos malaga, fotografo book, book profesional, fotografo barato publicitario<\/h6>\n","protected":false},"excerpt":{"rendered":"<p>Fotografo Publicidad en M\u00e1laga Si necesita contratar un fotografo publicidad para fotografiar sus productos con profesionalidad, contacte con nosotros y pida presupuesto para publicidad sin compromiso alguno. Hoy en d\u00eda est\u00e1 muy demandada la fotograf\u00eda publicitaria para realizar un cat\u00e1logo, un book de fotograf\u00edas o simplemente decorar su negocio para darle un toque de calidad.&hellip; <br \/> <a class=\"button small blue\" href=\"https:\/\/belgrano.es\/web\/fotografo-publicidad\/\">Leer m\u00e1s<\/a><\/p>\n","protected":false},"author":1,"featured_media":0,"parent":0,"menu_order":0,"comment_status":"closed","ping_status":"closed","template":"","meta":{"ngg_post_thumbnail":0,"footnotes":""},"class_list":["post-27799","page","type-page","status-publish","hentry"],"_links":{"self":[{"href":"https:\/\/belgrano.es\/web\/wp-json\/wp\/v2\/pages\/27799","targetHints":{"allow":["GET"]}}],"collection":[{"href":"https:\/\/belgrano.es\/web\/wp-json\/wp\/v2\/pages"}],"about":[{"href":"https:\/\/belgrano.es\/web\/wp-json\/wp\/v2\/types\/page"}],"author":[{"embeddable":true,"href":"https:\/\/belgrano.es\/web\/wp-json\/wp\/v2\/users\/1"}],"replies":[{"embeddable":true,"href":"https:\/\/belgrano.es\/web\/wp-json\/wp\/v2\/comments?post=27799"}],"version-history":[{"count":18,"href":"https:\/\/belgrano.es\/web\/wp-json\/wp\/v2\/pages\/27799\/revisions"}],"predecessor-version":[{"id":27833,"href":"https:\/\/belgrano.es\/web\/wp-json\/wp\/v2\/pages\/27799\/revisions\/27833"}],"wp:attachment":[{"href":"https:\/\/belgrano.es\/web\/wp-json\/wp\/v2\/media?parent=27799"}],"curies":[{"name":"wp","href":"https:\/\/api.w.org\/{rel}","templated":true}]}}