{"id":275,"date":"2014-03-04T23:09:14","date_gmt":"2014-03-04T23:09:14","guid":{"rendered":"http:\/\/www.belgrano.es\/web\/image-store\/"},"modified":"2024-09-30T21:26:22","modified_gmt":"2024-09-30T21:26:22","slug":"fotografos-malaga-galerias","status":"publish","type":"page","link":"https:\/\/belgrano.es\/web\/fotografos-malaga-galerias\/","title":{"rendered":"Galer\u00eda de Fotograf\u00edas \u2013 Fot\u00f3grafo en M\u00e1laga"},"content":{"rendered":"\n<p>Explora una selecci\u00f3n de mi trabajo como <strong>fot\u00f3grafo profesional en M\u00e1laga<\/strong>. Desde <strong>fotograf\u00eda de bodas<\/strong> y <strong>retratos<\/strong> hasta <strong>paisajes urbanos<\/strong> y <strong>fotograf\u00eda de producto<\/strong>, capturo momentos \u00fanicos en esta hermosa ciudad. Si buscas im\u00e1genes de calidad en <strong>M\u00e1laga<\/strong> y alrededores, aqu\u00ed encontrar\u00e1s inspiraci\u00f3n.<\/p>\n\n\n\n<p>\u00bfNecesitas un <strong>fot\u00f3grafo en M\u00e1laga<\/strong> para tu pr\u00f3ximo proyecto? <strong>Cont\u00e1ctame<\/strong> para m\u00e1s informaci\u00f3n.<\/p>\n\n\n\nngg_shortcode_0_placeholder\n\n\n\n<hr class=\"wp-block-separator has-alpha-channel-opacity\"\/>\n\n\n\n<h6 class=\"wp-block-heading\">Temas de inter\u00e9s: fotografos malaga, fotografos de malaga, fotografos de bebes, fotografos bodas, fotografo profesional, reportajes comuniones, reportaje boda, fotografia estudio, fotografia creativa, recien nacido malaga, newborn malaga<\/h6>\n\n\n\n<h5 class=\"wp-block-heading\">P\u00e1gina web alojada en <a href=\"http:\/\/www.pymessoft.com\" target=\"_blank\" rel=\"noopener noreferrer\">Pymessoft.com<\/a><\/h5>\n","protected":false},"excerpt":{"rendered":"<p>Explora una selecci\u00f3n de mi trabajo como fot\u00f3grafo profesional en M\u00e1laga. Desde fotograf\u00eda de bodas y retratos hasta paisajes urbanos y fotograf\u00eda de producto, capturo momentos \u00fanicos en esta hermosa ciudad. Si buscas im\u00e1genes de calidad en M\u00e1laga y alrededores, aqu\u00ed encontrar\u00e1s inspiraci\u00f3n. \u00bfNecesitas un fot\u00f3grafo en M\u00e1laga para tu pr\u00f3ximo proyecto? Cont\u00e1ctame para m\u00e1s&hellip; <br \/> <a class=\"button small blue\" href=\"https:\/\/belgrano.es\/web\/fotografos-malaga-galerias\/\">Leer m\u00e1s<\/a><\/p>\n","protected":false},"author":1,"featured_media":0,"parent":0,"menu_order":2,"comment_status":"closed","ping_status":"closed","template":"","meta":{"ngg_post_thumbnail":0,"footnotes":""},"class_list":["post-275","page","type-page","status-publish","hentry"],"_links":{"self":[{"href":"https:\/\/belgrano.es\/web\/wp-json\/wp\/v2\/pages\/275","targetHints":{"allow":["GET"]}}],"collection":[{"href":"https:\/\/belgrano.es\/web\/wp-json\/wp\/v2\/pages"}],"about":[{"href":"https:\/\/belgrano.es\/web\/wp-json\/wp\/v2\/types\/page"}],"author":[{"embeddable":true,"href":"https:\/\/belgrano.es\/web\/wp-json\/wp\/v2\/users\/1"}],"replies":[{"embeddable":true,"href":"https:\/\/belgrano.es\/web\/wp-json\/wp\/v2\/comments?post=275"}],"version-history":[{"count":66,"href":"https:\/\/belgrano.es\/web\/wp-json\/wp\/v2\/pages\/275\/revisions"}],"predecessor-version":[{"id":31885,"href":"https:\/\/belgrano.es\/web\/wp-json\/wp\/v2\/pages\/275\/revisions\/31885"}],"wp:attachment":[{"href":"https:\/\/belgrano.es\/web\/wp-json\/wp\/v2\/media?parent=275"}],"curies":[{"name":"wp","href":"https:\/\/api.w.org\/{rel}","templated":true}]}}