{"id":26177,"date":"2017-03-31T23:45:29","date_gmt":"2017-03-31T23:45:29","guid":{"rendered":"http:\/\/belgrano.es\/web\/?page_id=26177"},"modified":"2024-09-25T19:43:19","modified_gmt":"2024-09-25T19:43:19","slug":"contactar-fotografo-malaga","status":"publish","type":"page","link":"https:\/\/belgrano.es\/web\/contactar-fotografo-malaga\/","title":{"rendered":"Cont\u00e1ctar"},"content":{"rendered":"\n<p>Si est\u00e1s buscando un <strong>fot\u00f3grafo en M\u00e1laga<\/strong> para capturar tus momentos especiales, no dudes en ponerte en contacto conmigo. Estoy aqu\u00ed para responder tus preguntas y ayudarte a planificar la sesi\u00f3n de fotos perfecta. Completa el formulario a continuaci\u00f3n o cont\u00e1ctame directamente a trav\u00e9s de <a href=\"https:\/\/wa.me\/+34688900933\" target=\"_blank\" rel=\"noopener\">whatsapp<\/a>, <a href=\"mailto:victor@belgrano.es\">correo electr\u00f3nico<\/a> o ll\u00e1mame por <a href=\"tel:+34688900933\">tel\u00e9fono<\/a>. \u00a1Espero saber de ti pronto!<\/p>\n\n\n\n<div class=\"forminator-guttenberg\"><div class=\"forminator-ui forminator-custom-form forminator-custom-form-31779 forminator-design--flat  forminator_ajax\" data-forminator-render=\"0\" data-form=\"forminator-module-31779\" data-uid=\"6a045ef6eed2f\"><br\/><\/div><form\n\t\t\t\tid=\"forminator-module-31779\"\n\t\t\t\tclass=\"forminator-ui forminator-custom-form forminator-custom-form-31779 forminator-design--flat  forminator_ajax\"\n\t\t\t\tmethod=\"post\"\n\t\t\t\tdata-forminator-render=\"0\"\n\t\t\t\tdata-form-id=\"31779\"\n\t\t\t\t\n\t\t\t\tdata-design=\"flat\"\n\t\t\t\tdata-color-option=\"default\"\n\t\t\t\t\n\t\t\t\t\n\t\t\t\t\n\t\t\t\tdata-grid=\"open\"\n\t\t\t\t\n\t\t\t\t\n\t\t\t\tstyle=\"display: none;\"\n\t\t\t\t\n\t\t\t\tdata-uid=\"6a045ef6eed2f\"\n\t\t\t><div role=\"alert\" aria-live=\"polite\" class=\"forminator-response-message forminator-error\" aria-hidden=\"true\"><\/div><div class=\"forminator-row\"><div id=\"name-1\" class=\"forminator-field-name forminator-col forminator-col-12 \"><div class=\"forminator-field\"><label for=\"forminator-field-name-1_6a045ef6eed2f\" id=\"forminator-field-name-1_6a045ef6eed2f-label\" class=\"forminator-label\">Nombre <span class=\"forminator-required\">*<\/span><\/label><input type=\"text\" name=\"name-1\" value=\"\" placeholder=\"Ejemplo: Juan\" id=\"forminator-field-name-1_6a045ef6eed2f\" class=\"forminator-input forminator-name--field\" aria-required=\"true\" \/><\/div><\/div><\/div><div class=\"forminator-row\"><div id=\"email-1\" class=\"forminator-field-email forminator-col forminator-col-12 \"><div class=\"forminator-field\"><label for=\"forminator-field-email-1_6a045ef6eed2f\" id=\"forminator-field-email-1_6a045ef6eed2f-label\" class=\"forminator-label\">Direcci\u00f3n de correo electr\u00f3nico <span class=\"forminator-required\">*<\/span><\/label><input type=\"email\" name=\"email-1\" value=\"\" placeholder=\"Ej . : john@doe.com\" id=\"forminator-field-email-1_6a045ef6eed2f\" class=\"forminator-input forminator-email--field\" data-required=\"true\" aria-required=\"true\" \/><\/div><\/div><\/div><div class=\"forminator-row\"><div id=\"phone-1\" class=\"forminator-field-phone forminator-col forminator-col-12 \"><div class=\"forminator-field\"><label for=\"forminator-field-phone-1_6a045ef6eed2f\" id=\"forminator-field-phone-1_6a045ef6eed2f-label\" class=\"forminator-label\">N\u00famero de tel\u00e9fono<\/label><input type=\"text\" name=\"phone-1\" value=\"\" placeholder=\"Ejemplo: +1 3004005000\" id=\"forminator-field-phone-1_6a045ef6eed2f\" class=\"forminator-input forminator-field--phone\" data-required=\"\" aria-required=\"false\" autocomplete=\"off\" \/><\/div><\/div><\/div><div class=\"forminator-row\"><div id=\"textarea-1\" class=\"forminator-field-textarea forminator-col forminator-col-12 \"><div class=\"forminator-field\"><label for=\"forminator-field-textarea-1_6a045ef6eed2f\" id=\"forminator-field-textarea-1_6a045ef6eed2f-label\" class=\"forminator-label\">Mensaje<\/label><textarea name=\"textarea-1\" placeholder=\"Introduce tu mensaje...\" id=\"forminator-field-textarea-1_6a045ef6eed2f\" class=\"forminator-textarea\" rows=\"6\" style=\"min-height:140px;\" maxlength=\"180\" ><\/textarea><span id=\"forminator-field-textarea-1_6a045ef6eed2f-description\" class=\"forminator-description\"><span data-limit=\"180\" data-type=\"characters\" data-editor=\"\">0 \/ 180<\/span><\/span><\/div><\/div><\/div><div class=\"forminator-row\"><div id=\"captcha-1\" class=\"forminator-field-captcha forminator-col forminator-col-12 \"><div class=\"forminator-captcha-left forminator-g-recaptcha\" data-theme=\"light\"  data-sitekey=\"6Ld4160pAAAAAOS5wuvglr-UgbepEm8qNynsc_Mz\" data-size=\"normal\"><\/div> <\/div><\/div><input type=\"hidden\" name=\"referer_url\" value=\"\" \/><div class=\"forminator-row forminator-row-last\"><div class=\"forminator-col\"><div class=\"forminator-field\"><button class=\"forminator-button forminator-button-submit\">Enviar mensaje<\/button><\/div><\/div><\/div><input type=\"hidden\" id=\"forminator_nonce\" name=\"forminator_nonce\" value=\"0cd7b6a7cb\" \/><input type=\"hidden\" name=\"_wp_http_referer\" value=\"\/web\/wp-json\/wp\/v2\/pages\/26177\" \/><input type=\"hidden\" name=\"form_id\" value=\"31779\"><input type=\"hidden\" name=\"page_id\" value=\"26177\"><input type=\"hidden\" name=\"form_type\" value=\"default\"><input type=\"hidden\" name=\"current_url\" value=\"https:\/\/belgrano.es\/web\/contactar-fotografo-malaga\/\"><input type=\"hidden\" name=\"render_id\" value=\"0\"><input type=\"hidden\" name=\"action\" value=\"forminator_submit_form_custom-forms\"><\/form><\/div>\n\n\n\n<p>Intentar\u00e9 responder lo antes posible.<\/p>\n\n\n\n<p>Gracias.<\/p>\n\n\n\n<h6 class=\"wp-block-heading\">*** IMPORTANTE *** Respondo a los emails y a este formulario, si no has recibido respuesta en 24 horas, por favor comprueba tu bandeja de SPAM O env\u00edame un WHATSAPP<\/h6>\n\n\n\n<p>&nbsp;<\/p>\n","protected":false},"excerpt":{"rendered":"<p>Si est\u00e1s buscando un fot\u00f3grafo en M\u00e1laga para capturar tus momentos especiales, no dudes en ponerte en contacto conmigo. Estoy aqu\u00ed para responder tus preguntas y ayudarte a planificar la sesi\u00f3n de fotos perfecta. Completa el formulario a continuaci\u00f3n o cont\u00e1ctame directamente a trav\u00e9s de whatsapp, correo electr\u00f3nico o ll\u00e1mame por tel\u00e9fono. \u00a1Espero saber de&hellip; <br \/> <a class=\"button small blue\" href=\"https:\/\/belgrano.es\/web\/contactar-fotografo-malaga\/\">Leer m\u00e1s<\/a><\/p>\n","protected":false},"author":1,"featured_media":0,"parent":0,"menu_order":0,"comment_status":"closed","ping_status":"closed","template":"","meta":{"ngg_post_thumbnail":0,"footnotes":""},"class_list":["post-26177","page","type-page","status-publish","hentry"],"_links":{"self":[{"href":"https:\/\/belgrano.es\/web\/wp-json\/wp\/v2\/pages\/26177","targetHints":{"allow":["GET"]}}],"collection":[{"href":"https:\/\/belgrano.es\/web\/wp-json\/wp\/v2\/pages"}],"about":[{"href":"https:\/\/belgrano.es\/web\/wp-json\/wp\/v2\/types\/page"}],"author":[{"embeddable":true,"href":"https:\/\/belgrano.es\/web\/wp-json\/wp\/v2\/users\/1"}],"replies":[{"embeddable":true,"href":"https:\/\/belgrano.es\/web\/wp-json\/wp\/v2\/comments?post=26177"}],"version-history":[{"count":22,"href":"https:\/\/belgrano.es\/web\/wp-json\/wp\/v2\/pages\/26177\/revisions"}],"predecessor-version":[{"id":31823,"href":"https:\/\/belgrano.es\/web\/wp-json\/wp\/v2\/pages\/26177\/revisions\/31823"}],"wp:attachment":[{"href":"https:\/\/belgrano.es\/web\/wp-json\/wp\/v2\/media?parent=26177"}],"curies":[{"name":"wp","href":"https:\/\/api.w.org\/{rel}","templated":true}]}}